{"id":15391,"date":"2015-05-20T14:24:45","date_gmt":"2015-05-20T14:24:45","guid":{"rendered":"http:\/\/demo.qodeinteractive.com\/bridge109\/?page_id=15391"},"modified":"2021-05-03T15:18:51","modified_gmt":"2021-05-03T15:18:51","slug":"services","status":"publish","type":"page","link":"https:\/\/aquasculpture.com\/fr\/services\/","title":{"rendered":"Services"},"content":{"rendered":"\t<section class=\"section head-title\" id=\"section_277433265\">\n\t\t<div class=\"bg section-bg fill bg-fill  bg-loaded\" >\n\n\t\t\t\n\t\t\t\n\t\t\t\n\n\t\t<\/div>\n\n\t\t\n\n\t\t<div class=\"section-content relative\">\n\t\t\t\n<h2 style=\"text-align: center;\"><strong>SERVICES<\/strong><\/h2>\n<p style=\"text-align: center;\"><a href=\"https:\/\/aquasculpture.com\/wp-content\/uploads\/2020\/07\/baby-wave-blue-1.png\"><img decoding=\"async\" loading=\"lazy\" class=\"alignnone wp-image-16741 size-full\" src=\"https:\/\/aquasculpture.com\/wp-content\/uploads\/2020\/07\/baby-wave-blue-1.png\" alt=\"\" width=\"90\" height=\"15\" \/><\/a><\/p>\n\t\t<\/div>\n\n\t\t\n<style>\n#section_277433265 {\n  padding-top: 30px;\n  padding-bottom: 30px;\n}\n#section_277433265 .ux-shape-divider--top svg {\n  height: 150px;\n  --divider-top-width: 100%;\n}\n#section_277433265 .ux-shape-divider--bottom svg {\n  height: 150px;\n  --divider-width: 100%;\n}\n<\/style>\n\t<\/section>\n\t\n<div class=\"row\"  id=\"row-655293905\">\n\n\t<div id=\"col-1074442775\" class=\"col medium-4 small-12 large-4\"  >\n\t\t\t\t<div class=\"col-inner\"  >\n\t\t\t\n\t\t\t\n<p style=\"text-align: center;\"><span style=\"color: #000000;\"><strong><span style=\"font-size: 110%;\">TURN-KEY MANAGEMENT<\/span><\/strong><\/span><\/p>\n<p style=\"text-align: center;\"><span style=\"color: #000000;\">Have you got a design and a plan? <\/span><\/p>\n<p style=\"text-align: center;\"><span style=\"color: #000000;\">Nous donnerons vie \u00e0 votre design et vous remettrons les cl\u00e9s lorsque nous aurons termin\u00e9.<\/span><\/p>\n<p style=\"text-align: center;\"><span style=\"color: #000000;\"> Nous le faisons bien la premi\u00e8re fois. <\/span><\/p>\n<p style=\"text-align: center;\">\n\t\t<\/div>\n\t\t\t\t\t<\/div>\n\n\t\n\n\t<div id=\"col-1100097471\" class=\"col medium-4 small-12 large-4\"  >\n\t\t\t\t<div class=\"col-inner text-center\"  >\n\t\t\t\n\t\t\t\n<p style=\"text-align: center;\"><span style=\"color: #000000;\"><strong><span style=\"font-size: 110%;\"> CONSULTATIONS DE PROJET <\/span><\/strong><\/span><\/p>\n<p style=\"text-align: center;\"><span style=\"color: #000000;\">Consultation sur place 175.00 $ \/ hr <\/span><\/p>\n<p style=\"text-align: center;\"><span style=\"color: #000000;\">Consultation vid\u00e9o en ligne 100,00 $ \/ h <\/span><\/p>\n<a href=\"\/fr\/contact\/\" target=\"_self\" class=\"button primary\"  >\n    <span>Cliquez ici pour vous inscrire<\/span>\n  <\/a>\n\n\t\t<\/div>\n\t\t\t\t\t<\/div>\n\n\t\n\n\t<div id=\"col-146508230\" class=\"col medium-4 small-12 large-4\"  >\n\t\t\t\t<div class=\"col-inner\"  >\n\t\t\t\n\t\t\t\n<p style=\"text-align: center;\"><span style=\"color: #000000;\"><strong><span style=\"font-size: 110%;\">CONCEPTIONS DE PROJETS <\/span><\/strong><\/span><\/p>\n<p style=\"text-align: center;\"><span style=\"color: #000000;\">Notre architecte en interne peut concevoir la pi\u00e8ce d&rsquo;eau de vos r\u00eaves. <\/span><\/p>\n<p style=\"text-align: center;\"><span style=\"color: #000000;\">Nous avons \u00e9galement travaill\u00e9 avec de nombreux designers sur de nombreux projets de caract\u00e9ristiques de l&rsquo;eau. <\/span><\/p>\n\t\t<\/div>\n\t\t\t\t\t<\/div>\n\n\t\n<\/div>\n<div class=\"row\"  id=\"row-1560360387\">\n\n\t<div id=\"col-566540110\" class=\"col medium-4 small-12 large-4\"  >\n\t\t\t\t<div class=\"col-inner\"  >\n\t\t\t\n\t\t\t\n\t<div class=\"img has-hover x md-x lg-x y md-y lg-y\" id=\"image_2135829680\">\n\t\t\t\t\t\t\t\t<div class=\"img-inner image-cover dark\" style=\"padding-top:71%;\">\n\t\t\t<img width=\"1020\" height=\"765\" src=\"https:\/\/aquasculpture.com\/wp-content\/uploads\/2020\/08\/bloomfield-2-web-1024x768.jpeg\" class=\"attachment-large size-large\" alt=\"\" decoding=\"async\" loading=\"lazy\" srcset=\"https:\/\/aquasculpture.com\/wp-content\/uploads\/2020\/08\/bloomfield-2-web-1024x768.jpeg 1024w, https:\/\/aquasculpture.com\/wp-content\/uploads\/2020\/08\/bloomfield-2-web-300x225.jpeg 300w, https:\/\/aquasculpture.com\/wp-content\/uploads\/2020\/08\/bloomfield-2-web-768x576.jpeg 768w, https:\/\/aquasculpture.com\/wp-content\/uploads\/2020\/08\/bloomfield-2-web-1536x1152.jpeg 1536w, https:\/\/aquasculpture.com\/wp-content\/uploads\/2020\/08\/bloomfield-2-web-600x450.jpeg 600w, https:\/\/aquasculpture.com\/wp-content\/uploads\/2020\/08\/bloomfield-2-web.jpeg 2048w\" sizes=\"(max-width: 1020px) 100vw, 1020px\" \/>\t\t\t\t\t\t\n\t\t\t\t\t<\/div>\n\t\t\t\t\t\t\t\t\n<style>\n#image_2135829680 {\n  width: 100%;\n}\n<\/style>\n\t<\/div>\n\t\n\t\t<\/div>\n\t\t\t\t\t<\/div>\n\n\t\n\n\t<div id=\"col-1151182908\" class=\"col medium-4 small-12 large-4\"  >\n\t\t\t\t<div class=\"col-inner\"  >\n\t\t\t\n\t\t\t\n\t<div class=\"img has-hover x md-x lg-x y md-y lg-y\" id=\"image_502822541\">\n\t\t\t\t\t\t\t\t<div class=\"img-inner dark\" >\n\t\t\t<img width=\"1020\" height=\"722\" src=\"https:\/\/aquasculpture.com\/wp-content\/uploads\/2020\/10\/IMG_3554-1024x725.jpeg\" class=\"attachment-large size-large\" alt=\"\" decoding=\"async\" loading=\"lazy\" srcset=\"https:\/\/aquasculpture.com\/wp-content\/uploads\/2020\/10\/IMG_3554-1024x725.jpeg 1024w, https:\/\/aquasculpture.com\/wp-content\/uploads\/2020\/10\/IMG_3554-300x212.jpeg 300w, https:\/\/aquasculpture.com\/wp-content\/uploads\/2020\/10\/IMG_3554-768x544.jpeg 768w, https:\/\/aquasculpture.com\/wp-content\/uploads\/2020\/10\/IMG_3554-1536x1087.jpeg 1536w, https:\/\/aquasculpture.com\/wp-content\/uploads\/2020\/10\/IMG_3554-2048x1450.jpeg 2048w, https:\/\/aquasculpture.com\/wp-content\/uploads\/2020\/10\/IMG_3554-600x425.jpeg 600w\" sizes=\"(max-width: 1020px) 100vw, 1020px\" \/>\t\t\t\t\t\t\n\t\t\t\t\t<\/div>\n\t\t\t\t\t\t\t\t\n<style>\n#image_502822541 {\n  width: 100%;\n}\n<\/style>\n\t<\/div>\n\t\n\t\t<\/div>\n\t\t\t\t\t<\/div>\n\n\t\n\n\t<div id=\"col-1787669257\" class=\"col medium-4 small-12 large-4\"  >\n\t\t\t\t<div class=\"col-inner\"  >\n\t\t\t\n\t\t\t\n\t<div class=\"img has-hover x md-x lg-x y md-y lg-y\" id=\"image_1563443042\">\n\t\t\t\t\t\t\t\t<div class=\"img-inner dark\" >\n\t\t\t<img width=\"1020\" height=\"788\" src=\"https:\/\/aquasculpture.com\/wp-content\/uploads\/2020\/10\/Draft_151-milton-av-1-1024x791.jpeg\" class=\"attachment-large size-large\" alt=\"\" decoding=\"async\" loading=\"lazy\" srcset=\"https:\/\/aquasculpture.com\/wp-content\/uploads\/2020\/10\/Draft_151-milton-av-1-1024x791.jpeg 1024w, https:\/\/aquasculpture.com\/wp-content\/uploads\/2020\/10\/Draft_151-milton-av-1-300x232.jpeg 300w, https:\/\/aquasculpture.com\/wp-content\/uploads\/2020\/10\/Draft_151-milton-av-1-768x593.jpeg 768w, https:\/\/aquasculpture.com\/wp-content\/uploads\/2020\/10\/Draft_151-milton-av-1-1536x1187.jpeg 1536w, https:\/\/aquasculpture.com\/wp-content\/uploads\/2020\/10\/Draft_151-milton-av-1-2048x1583.jpeg 2048w, https:\/\/aquasculpture.com\/wp-content\/uploads\/2020\/10\/Draft_151-milton-av-1-600x464.jpeg 600w\" sizes=\"(max-width: 1020px) 100vw, 1020px\" \/>\t\t\t\t\t\t\n\t\t\t\t\t<\/div>\n\t\t\t\t\t\t\t\t\n<style>\n#image_1563443042 {\n  width: 100%;\n}\n<\/style>\n\t<\/div>\n\t\n\t\t<\/div>\n\t\t\t\t\t<\/div>\n\n\t\n<\/div>\n<div class=\"row\"  id=\"row-62979349\">\n\n\t<div id=\"col-1405800083\" class=\"col medium-4 small-12 large-4\"  >\n\t\t\t\t<div class=\"col-inner\"  >\n\t\t\t\n\t\t\t\n<p style=\"text-align: center;\"><span style=\"font-size: 110%; color: #000000;\"><strong>PLANS DE MAINTENANCE &amp; PROGRAMMES DE SERVICE COMPLET <\/strong><\/span><\/p>\n<p style=\"text-align: center;\"><span style=\"color: #000000;\">Quotidien \/ Hebdomadaire \/ Mensuel \/ Annuel Nous offrons des programmes de maintenance personnalis\u00e9s garantis pour r\u00e9pondre \u00e0 vos besoins. Nos biologistes et techniciens veilleront \u00e0 ce que vous receviez le meilleur service client 24h \/ 24 et 7j \/ 7 <\/span><\/p>\n\t\t<\/div>\n\t\t\t\t\t<\/div>\n\n\t\n\n\t<div id=\"col-1673937923\" class=\"col medium-4 small-12 large-4\"  >\n\t\t\t\t<div class=\"col-inner\"  >\n\t\t\t\n\t\t\t\n<p style=\"text-align: center;\"><span style=\"font-size: 110%; color: #000000;\"><strong>PRODUIT, LIVRAISON ET INSTALLATION <\/strong><\/span><\/p>\n<p style=\"text-align: center;\"><span style=\"color: #000000;\">Nos techniciens livreront, assembleront, installeront tous les \u00e9quipements achet\u00e9s chez nous ou chez tout autre d\u00e9taillant <\/span><\/p>\n\t\t<\/div>\n\t\t\t\t\t<\/div>\n\n\t\n\n\t<div id=\"col-207025835\" class=\"col medium-4 small-12 large-4\"  >\n\t\t\t\t<div class=\"col-inner\"  >\n\t\t\t\n\t\t\t\n<p style=\"padding-left: 40px; text-align: center;\"><span style=\"font-size: 110%; color: #000000;\"><strong>CONSEILS D&rsquo;EXPERTS POUR TOUS LES PROJETS D&rsquo;EAU<\/strong><\/span><\/p>\n<p style=\"padding-left: 40px; text-align: center;\"><span style=\"color: #000000;\">Nous ne l&rsquo;avons pas construit, quelqu&rsquo;un d&rsquo;autre l&rsquo;a fait. Nous offrons des services de d\u00e9pannage, de r\u00e9paration ou de restauration pour tous types de projets hydrauliques. <\/span><\/p>\n\t\t<\/div>\n\t\t\t\t\t<\/div>\n\n\t\n<\/div>\n<div class=\"row\"  id=\"row-1282414507\">\n\n\t<div id=\"col-158481248\" class=\"col medium-4 small-12 large-4\"  >\n\t\t\t\t<div class=\"col-inner\"  >\n\t\t\t\n\t\t\t\n\t<div class=\"img has-hover x md-x lg-x y md-y lg-y\" id=\"image_1681736330\">\n\t\t\t\t\t\t\t\t<div class=\"img-inner image-cover dark\" style=\"padding-top:71%;\">\n\t\t\t<img width=\"1020\" height=\"765\" src=\"https:\/\/aquasculpture.com\/wp-content\/uploads\/2020\/10\/IMG_3987-1024x768.jpg\" class=\"attachment-large size-large\" alt=\"\" decoding=\"async\" loading=\"lazy\" srcset=\"https:\/\/aquasculpture.com\/wp-content\/uploads\/2020\/10\/IMG_3987-1024x768.jpg 1024w, https:\/\/aquasculpture.com\/wp-content\/uploads\/2020\/10\/IMG_3987-300x225.jpg 300w, https:\/\/aquasculpture.com\/wp-content\/uploads\/2020\/10\/IMG_3987-768x576.jpg 768w, https:\/\/aquasculpture.com\/wp-content\/uploads\/2020\/10\/IMG_3987-1536x1152.jpg 1536w, https:\/\/aquasculpture.com\/wp-content\/uploads\/2020\/10\/IMG_3987-2048x1536.jpg 2048w, https:\/\/aquasculpture.com\/wp-content\/uploads\/2020\/10\/IMG_3987-600x450.jpg 600w\" sizes=\"(max-width: 1020px) 100vw, 1020px\" \/>\t\t\t\t\t\t\n\t\t\t\t\t<\/div>\n\t\t\t\t\t\t\t\t\n<style>\n#image_1681736330 {\n  width: 100%;\n}\n<\/style>\n\t<\/div>\n\t\n\t\t<\/div>\n\t\t\t\t\t<\/div>\n\n\t\n\n\t<div id=\"col-1081483228\" class=\"col medium-4 small-12 large-4\"  >\n\t\t\t\t<div class=\"col-inner\"  >\n\t\t\t\n\t\t\t\n\t<div class=\"img has-hover x md-x lg-x y md-y lg-y\" id=\"image_1151927896\">\n\t\t\t\t\t\t\t\t<div class=\"img-inner image-cover dark\" style=\"padding-top:71%;\">\n\t\t\t<img width=\"1020\" height=\"765\" src=\"https:\/\/aquasculpture.com\/wp-content\/uploads\/2020\/10\/IMG_5543-3-1024x768.jpeg\" class=\"attachment-large size-large\" alt=\"\" decoding=\"async\" loading=\"lazy\" srcset=\"https:\/\/aquasculpture.com\/wp-content\/uploads\/2020\/10\/IMG_5543-3-1024x768.jpeg 1024w, https:\/\/aquasculpture.com\/wp-content\/uploads\/2020\/10\/IMG_5543-3-300x225.jpeg 300w, https:\/\/aquasculpture.com\/wp-content\/uploads\/2020\/10\/IMG_5543-3-768x576.jpeg 768w, https:\/\/aquasculpture.com\/wp-content\/uploads\/2020\/10\/IMG_5543-3-1536x1152.jpeg 1536w, https:\/\/aquasculpture.com\/wp-content\/uploads\/2020\/10\/IMG_5543-3-2048x1536.jpeg 2048w, https:\/\/aquasculpture.com\/wp-content\/uploads\/2020\/10\/IMG_5543-3-600x450.jpeg 600w\" sizes=\"(max-width: 1020px) 100vw, 1020px\" \/>\t\t\t\t\t\t\n\t\t\t\t\t<\/div>\n\t\t\t\t\t\t\t\t\n<style>\n#image_1151927896 {\n  width: 100%;\n}\n<\/style>\n\t<\/div>\n\t\n\t\t<\/div>\n\t\t\t\t\t<\/div>\n\n\t\n\n\t<div id=\"col-1970334407\" class=\"col medium-4 small-12 large-4\"  >\n\t\t\t\t<div class=\"col-inner\"  >\n\t\t\t\n\t\t\t\n\t<div class=\"img has-hover x md-x lg-x y md-y lg-y\" id=\"image_1599121372\">\n\t\t\t\t\t\t\t\t<div class=\"img-inner dark\" >\n\t\t\t<img width=\"1020\" height=\"765\" src=\"https:\/\/aquasculpture.com\/wp-content\/uploads\/2020\/10\/IMG_1489-1024x768.jpeg\" class=\"attachment-large size-large\" alt=\"\" decoding=\"async\" loading=\"lazy\" srcset=\"https:\/\/aquasculpture.com\/wp-content\/uploads\/2020\/10\/IMG_1489-1024x768.jpeg 1024w, https:\/\/aquasculpture.com\/wp-content\/uploads\/2020\/10\/IMG_1489-300x225.jpeg 300w, https:\/\/aquasculpture.com\/wp-content\/uploads\/2020\/10\/IMG_1489-768x576.jpeg 768w, https:\/\/aquasculpture.com\/wp-content\/uploads\/2020\/10\/IMG_1489-1536x1152.jpeg 1536w, https:\/\/aquasculpture.com\/wp-content\/uploads\/2020\/10\/IMG_1489-2048x1536.jpeg 2048w, https:\/\/aquasculpture.com\/wp-content\/uploads\/2020\/10\/IMG_1489-600x450.jpeg 600w\" sizes=\"(max-width: 1020px) 100vw, 1020px\" \/>\t\t\t\t\t\t\n\t\t\t\t\t<\/div>\n\t\t\t\t\t\t\t\t\n<style>\n#image_1599121372 {\n  width: 100%;\n}\n<\/style>\n\t<\/div>\n\t\n\t\t<\/div>\n\t\t\t\t\t<\/div>\n\n\t\n<\/div>\n\t<div id=\"gap-1060779377\" class=\"gap-element clearfix\" style=\"display:block; height:auto;\">\n\t\t\n<style>\n#gap-1060779377 {\n  padding-top: 80px;\n}\n<\/style>\n\t<\/div>\n\t\n","protected":false},"excerpt":{"rendered":"","protected":false},"author":1,"featured_media":0,"parent":0,"menu_order":0,"comment_status":"closed","ping_status":"closed","template":"","meta":[],"_links":{"self":[{"href":"https:\/\/aquasculpture.com\/fr\/wp-json\/wp\/v2\/pages\/15391"}],"collection":[{"href":"https:\/\/aquasculpture.com\/fr\/wp-json\/wp\/v2\/pages"}],"about":[{"href":"https:\/\/aquasculpture.com\/fr\/wp-json\/wp\/v2\/types\/page"}],"author":[{"embeddable":true,"href":"https:\/\/aquasculpture.com\/fr\/wp-json\/wp\/v2\/users\/1"}],"replies":[{"embeddable":true,"href":"https:\/\/aquasculpture.com\/fr\/wp-json\/wp\/v2\/comments?post=15391"}],"version-history":[{"count":19,"href":"https:\/\/aquasculpture.com\/fr\/wp-json\/wp\/v2\/pages\/15391\/revisions"}],"predecessor-version":[{"id":18099,"href":"https:\/\/aquasculpture.com\/fr\/wp-json\/wp\/v2\/pages\/15391\/revisions\/18099"}],"wp:attachment":[{"href":"https:\/\/aquasculpture.com\/fr\/wp-json\/wp\/v2\/media?parent=15391"}],"curies":[{"name":"wp","href":"https:\/\/api.w.org\/{rel}","templated":true}]}}