{"id":7,"date":"2015-10-06T19:13:49","date_gmt":"2015-10-06T19:13:49","guid":{"rendered":"https:\/\/aquasculpture.com\/?page_id=7"},"modified":"2021-05-03T14:18:49","modified_gmt":"2021-05-03T14:18:49","slug":"a-propos","status":"publish","type":"page","link":"https:\/\/aquasculpture.com\/fr\/a-propos\/","title":{"rendered":"\u00c0 propos"},"content":{"rendered":"\t<section class=\"section head-title\" id=\"section_643522632\">\n\t\t<div class=\"bg section-bg fill bg-fill  bg-loaded\" >\n\n\t\t\t\n\t\t\t\n\t\t\t\n\n\t\t<\/div>\n\n\t\t\n\n\t\t<div class=\"section-content relative\">\n\t\t\t\n<h2 style=\"text-align: center; text-transform: uppercase;\">\u00c0 propos<\/h2>\n<p style=\"text-align: center;\"><a href=\"https:\/\/aquasculpture.com\/wp-content\/uploads\/2020\/07\/baby-wave-blue-1.png\"><img decoding=\"async\" loading=\"lazy\" class=\"alignnone wp-image-16740 size-full\" src=\"https:\/\/aquasculpture.com\/wp-content\/uploads\/2020\/07\/baby-wave-blue-1.png\" alt=\"\" width=\"90\" height=\"15\" \/><\/a><\/p>\n<\/p>\n\t\t<\/div>\n\n\t\t\n<style>\n#section_643522632 {\n  padding-top: 30px;\n  padding-bottom: 30px;\n}\n#section_643522632 .ux-shape-divider--top svg {\n  height: 150px;\n  --divider-top-width: 100%;\n}\n#section_643522632 .ux-shape-divider--bottom svg {\n  height: 150px;\n  --divider-width: 100%;\n}\n<\/style>\n\t<\/section>\n\t\n\t<section class=\"section\" id=\"section_230089119\">\n\t\t<div class=\"bg section-bg fill bg-fill  bg-loaded\" >\n\n\t\t\t\n\t\t\t\n\t\t\t\n\n\t\t<\/div>\n\n\t\t\n\n\t\t<div class=\"section-content relative\">\n\t\t\t\n<div class=\"row row-large align-middle\"  id=\"row-1189340638\">\n\n\t<div id=\"col-856951745\" class=\"col medium-6 small-12 large-6\"  >\n\t\t\t\t<div class=\"col-inner text-left\"  >\n\t\t\t\n\t\t\t\n<h2 style=\"text-align: center;\"><span style=\"color: #000;\">30 ans d\u2019exp\u00e9rience<\/span><\/h2>\n<p><span style=\"color: #000;\">En 1985, nous avons ouvert une compagnie de conception d\u2019aquarium avec installation\/services de maintenance pour les aquariums corporatifs, professionnels et r\u00e9sidentiels. En notre qualit\u00e9 de conservateur d\u2019une myriade d\u2019aquariums et de syst\u00e8mes de filtration, nous avons eu le privil\u00e8ge de pouvoir exp\u00e9rimenter avec les tous derniers mod\u00e8les d\u2019aquarium. Nous sommes extr\u00eamement bien inform\u00e9s au sujet des aspects de la biologie aquatique, les poissons, invert\u00e9br\u00e9s ainsi que tous syst\u00e8mes aquatiques\/terrestres. <\/span><\/p>\n<p><span style=\"color: #000;\">En 1990, nous avons augment\u00e9 nos activit\u00e9s pour inclure un choix de projets aquatiques comprenant des fontaines et des jardins d\u2019eau. Nous sommes des leaders en am\u00e9nagement paysager, conception\/construction de lacs artificiels et am\u00e9liorations naturelles de propri\u00e9t\u00e9s. <\/span><\/p>\n<p><span style=\"color: #000;\">Depuis 1995, nous sommes impliqu\u00e9s dans la conception et la construction de centres commerciaux publics ainsi que dans la r\u00e9alisation de projets architecturaux de fontaines d\u2019h\u00f4tels et de condominium. Nous nous consid\u00e9rons comme \u00e9tant tr\u00e8s bien inform\u00e9s dans tous les aspects de la construction de fontaines publiques embl\u00e9matiques.<\/span><\/p>\n\t\t<\/div>\n\t\t\t\t\t<\/div>\n\n\t\n\n\t<div id=\"col-755534101\" class=\"col medium-6 small-12 large-6\"  >\n\t\t\t\t<div class=\"col-inner\"  >\n\t\t\t\n\t\t\t\n\t<div class=\"img has-hover x md-x lg-x y md-y lg-y\" id=\"image_1842859640\">\n\t\t\t\t\t\t\t\t<div class=\"img-inner dark\" >\n\t\t\t<img width=\"905\" height=\"615\" src=\"https:\/\/aquasculpture.com\/wp-content\/uploads\/2015\/10\/chute-7.gif\" class=\"attachment-large size-large\" alt=\"\" decoding=\"async\" loading=\"lazy\" \/>\t\t\t\t\t\t\n\t\t\t\t\t<\/div>\n\t\t\t\t\t\t\t\t\n<style>\n#image_1842859640 {\n  width: 100%;\n}\n<\/style>\n\t<\/div>\n\t\n\t\t<\/div>\n\t\t\t\t\t<\/div>\n\n\t\n<\/div>\n\t\t<\/div>\n\n\t\t\n<style>\n#section_230089119 {\n  padding-top: 0px;\n  padding-bottom: 0px;\n}\n#section_230089119 .ux-shape-divider--top svg {\n  height: 150px;\n  --divider-top-width: 100%;\n}\n#section_230089119 .ux-shape-divider--bottom svg {\n  height: 150px;\n  --divider-width: 100%;\n}\n@media (min-width:550px) {\n  #section_230089119 {\n    padding-top: 60px;\n    padding-bottom: 60px;\n  }\n}\n<\/style>\n\t<\/section>\n\t\n\t<section class=\"section\" id=\"section_1010970679\">\n\t\t<div class=\"bg section-bg fill bg-fill  bg-loaded\" >\n\n\t\t\t\n\t\t\t\n\t\t\t\n\n\t\t<\/div>\n\n\t\t\n\n\t\t<div class=\"section-content relative\">\n\t\t\t\n<div class=\"row row-large align-middle\"  id=\"row-805451082\">\n\n\t<div id=\"col-1370284989\" class=\"col medium-6 small-12 large-6\"  >\n\t\t\t\t<div class=\"col-inner\"  >\n\t\t\t\n\t\t\t\n\t<div class=\"img has-hover x md-x lg-x y md-y lg-y\" id=\"image_636267098\">\n\t\t\t\t\t\t\t\t<div class=\"img-inner dark\" >\n\t\t\t<img width=\"905\" height=\"615\" src=\"https:\/\/aquasculpture.com\/wp-content\/uploads\/2015\/10\/mur-deau.gif\" class=\"attachment-large size-large\" alt=\"\" decoding=\"async\" loading=\"lazy\" \/>\t\t\t\t\t\t\n\t\t\t\t\t<\/div>\n\t\t\t\t\t\t\t\t\n<style>\n#image_636267098 {\n  width: 100%;\n}\n<\/style>\n\t<\/div>\n\t\n\t\t<\/div>\n\t\t\t\t\t<\/div>\n\n\t\n\n\t<div id=\"col-1818538237\" class=\"col medium-6 small-12 large-6\"  >\n\t\t\t\t<div class=\"col-inner text-left\"  >\n\t\t\t\n\t\t\t\n<h2 style=\"text-align: center;\"><span style=\"color: #fff;\"><strong>Exp\u00e9riences et connaissances unique<\/strong><\/span><\/h2>\n<p style=\"text-align: center;\"><span style=\"color: #fff;\">Nous avons cr\u00e9\u00e9 des aquariums con\u00e7us pour la TV ainsi que des d\u00e9cors de film. L\u2019industrie de la publicit\u00e9 nous a mandat\u00e9 pour coordonner la cr\u00e9ation de nombreux effets sp\u00e9ciaux utilisant l\u2019eau. <\/span><\/p>\n<p style=\"text-align: center;\"><span style=\"color: #fff;\">Nous avons \u00e9galement travaill\u00e9 pendant cinq ans en direct pour la radio (CJAD) \u00e0 une \u00e9mission d\u2019entretiens t\u00e9l\u00e9phoniques d\u2019une heure consacr\u00e9e aux aquariums et aux \u00e9tangs. Nos projets d\u2019\u00e9tang et de fontaine ont \u00e9t\u00e9 d\u00e9crits dans un programme t\u00e9l\u00e9vis\u00e9 d\u2019une demi-heure appel\u00e9 \u00abTrend-Spotting\u00bb sur HGTV \/Life Channel. <\/span><\/p>\n<p style=\"text-align: center;\"><span style=\"color: #fff;\">Notre travail est apparu dans des douzaines de magazines de d\u00e9coration int\u00e9rieure haut de gamme ainsi que dans des publications consacr\u00e9es \u00e0 la maison et au jardinage.<\/span><\/p>\n\t\t<\/div>\n\t\t\t\t\t<\/div>\n\n\t\n<\/div>\n\t\t<\/div>\n\n\t\t\n<style>\n#section_1010970679 {\n  padding-top: 60px;\n  padding-bottom: 60px;\n  background-color: rgb(0, 0, 0);\n}\n#section_1010970679 .ux-shape-divider--top svg {\n  height: 150px;\n  --divider-top-width: 100%;\n}\n#section_1010970679 .ux-shape-divider--bottom svg {\n  height: 150px;\n  --divider-width: 100%;\n}\n<\/style>\n\t<\/section>\n\t\n\t<section class=\"section\" id=\"section_269328562\">\n\t\t<div class=\"bg section-bg fill bg-fill  bg-loaded\" >\n\n\t\t\t\n\t\t\t\n\t\t\t\n\n\t\t<\/div>\n\n\t\t\n\n\t\t<div class=\"section-content relative\">\n\t\t\t\n<div class=\"row row-large align-middle\"  id=\"row-89078535\">\n\n\t<div id=\"col-479613449\" class=\"col medium-6 small-12 large-6\"  >\n\t\t\t\t<div class=\"col-inner text-left\"  >\n\t\t\t\n\t\t\t\n<h2 style=\"text-align: center;\"><span style=\"color: #000;\">Nous sommes les ing\u00e9nieurs, les concepteurs, les constructeurs et les conservateurs de plus de 650 sels faits sur commande et biologiquement \u00e9quilibr\u00e9s pour syst\u00e8mes d\u2019aquarium d\u2019eau douce et sal\u00e9es<\/span><\/h2>\n<p style=\"text-align: center;\"><span style=\"color: #000;\">Ce sont des syst\u00e8mes cl\u00e9s en main am\u00e9lior\u00e9s de syst\u00e8mes d\u2019aquarium install\u00e9s dans:<\/span><\/p>\n<ul>\n<li><span style=\"color: #000;\">Entr\u00e9es de tour de bureau et bureaux professionnels<\/span><\/li>\n<li><span style=\"color: #000;\">Condominiums d\u2019h\u00f4tels et bureaux de vente de logements<\/span><\/li>\n<li><span style=\"color: #000;\">R\u00e9gions communes ou atriums d\u2019immeuble<\/span><\/li>\n<li><span style=\"color: #000;\">Restaurants, clubs de danse (bo\u00eetes de nuit)<\/span><\/li>\n<li><span style=\"color: #000;\">Maisons r\u00e9sidentielles priv\u00e9es<\/span><\/li>\n<li><span style=\"color: #000;\">Magasin d\u2019animaux familiers et syst\u00e8mes d\u2019affichage<\/span><\/li>\n<\/ul>\n\t\t<\/div>\n\t\t\t\t\t<\/div>\n\n\t\n\n\t<div id=\"col-605838288\" class=\"col medium-6 small-12 large-6\"  >\n\t\t\t\t<div class=\"col-inner\"  >\n\t\t\t\n\t\t\t\n\t<div class=\"img has-hover x md-x lg-x y md-y lg-y\" id=\"image_1034747376\">\n\t\t\t\t\t\t\t\t<div class=\"img-inner dark\" >\n\t\t\t<img width=\"905\" height=\"615\" src=\"https:\/\/aquasculpture.com\/wp-content\/uploads\/2015\/10\/coraux.gif\" class=\"attachment-large size-large\" alt=\"\" decoding=\"async\" loading=\"lazy\" \/>\t\t\t\t\t\t\n\t\t\t\t\t<\/div>\n\t\t\t\t\t\t\t\t\n<style>\n#image_1034747376 {\n  width: 100%;\n}\n<\/style>\n\t<\/div>\n\t\n\t\t<\/div>\n\t\t\t\t\t<\/div>\n\n\t\n<\/div>\n\t\t<\/div>\n\n\t\t\n<style>\n#section_269328562 {\n  padding-top: 60px;\n  padding-bottom: 60px;\n}\n#section_269328562 .ux-shape-divider--top svg {\n  height: 150px;\n  --divider-top-width: 100%;\n}\n#section_269328562 .ux-shape-divider--bottom svg {\n  height: 150px;\n  --divider-width: 100%;\n}\n<\/style>\n\t<\/section>\n\t\n\t<section class=\"section\" id=\"section_580696480\">\n\t\t<div class=\"bg section-bg fill bg-fill  bg-loaded\" >\n\n\t\t\t\n\t\t\t\n\t\t\t\n\n\t\t<\/div>\n\n\t\t\n\n\t\t<div class=\"section-content relative\">\n\t\t\t\n<div class=\"row row-large align-middle\"  id=\"row-843555737\">\n\n\t<div id=\"col-1949725651\" class=\"col medium-6 small-12 large-6\"  >\n\t\t\t\t<div class=\"col-inner\"  >\n\t\t\t\n\t\t\t\n\t<div class=\"img has-hover x md-x lg-x y md-y lg-y\" id=\"image_702250096\">\n\t\t\t\t\t\t\t\t<div class=\"img-inner dark\" >\n\t\t\t<img width=\"905\" height=\"615\" src=\"https:\/\/aquasculpture.com\/wp-content\/uploads\/2015\/10\/chute.gif\" class=\"attachment-large size-large\" alt=\"\" decoding=\"async\" loading=\"lazy\" \/>\t\t\t\t\t\t\n\t\t\t\t\t<\/div>\n\t\t\t\t\t\t\t\t\n<style>\n#image_702250096 {\n  width: 100%;\n}\n<\/style>\n\t<\/div>\n\t\n\t\t<\/div>\n\t\t\t\t\t<\/div>\n\n\t\n\n\t<div id=\"col-1109133664\" class=\"col medium-6 small-12 large-6\"  >\n\t\t\t\t<div class=\"col-inner text-left\"  >\n\t\t\t\n\t\t\t\n<h2 style=\"text-align: center;\"><strong><span style=\"color: #fff;\">Nous sommes les ing\u00e9nieurs, les concepteurs, les constructeurs et les conservateurs de plus de 260 types de fontaines biologiquement \u00e9quilibr\u00e9es, de chutes d\u2019eau et de jardins aquatiques<\/span><\/strong><\/h2>\n<div class=\"wpb_column vc_column_container vc_col-sm-6\">\n<div class=\"wpb_wrapper\">\n<div class=\"wpb_text_column wpb_content_element \">\n<div class=\"wpb_wrapper\">\n<p><span style=\"color: #fff;\">Ce sont des syst\u00e8mes cl\u00e9s en main et am\u00e9lior\u00e9s qui incluent:<\/span><\/p>\n<ul>\n<li><span style=\"color: #fff;\">Installation de la tuyauterie et alimentation d\u2019\u00e9nergie<\/span><\/li>\n<li><span style=\"color: #fff;\">Syst\u00e8mes de filtration de rendement \u00e9lev\u00e9<\/span><\/li>\n<li><span style=\"color: #fff;\">Cours d\u2019eau et chutes d\u2019eau<\/span><\/li>\n<li><span style=\"color: #fff;\">T\u00eates de fontaine et unit\u00e9s de vaporisations sol\u00e9no\u00efdes command\u00e9es par ordinateur<\/span><\/li>\n<li><span style=\"color: #fff;\">\u00c9clairages de nuit aquatiques et terrestres sur mesure<\/span><\/li>\n<li><span style=\"color: #fff;\">Jardins aquatiques floraux biologiquement sains, marais et installations compl\u00e9mentaires<\/span><\/li>\n<li><span style=\"color: #fff;\">Jardins saisonniers r\u00e9currents fonctionnels<\/span><\/li>\n<li><span style=\"color: #fff;\">Voies de circulation en pierre et terrasses de pierre<\/span><\/li>\n<li><span style=\"color: #fff;\">Ponts faits sur commande en bois et en acier<\/span><\/li>\n<li><span style=\"color: #fff;\">Services de maintenance complets (hebdomadaire\/mensuel\/saisonnier)<\/span><\/li>\n<\/ul>\n<\/div>\n<\/div>\n<\/div>\n<\/div>\n\t\t<\/div>\n\t\t\t\t\t<\/div>\n\n\t\n<\/div>\n\t\t<\/div>\n\n\t\t\n<style>\n#section_580696480 {\n  padding-top: 60px;\n  padding-bottom: 60px;\n  background-color: rgb(0, 0, 0);\n}\n#section_580696480 .ux-shape-divider--top svg {\n  height: 150px;\n  --divider-top-width: 100%;\n}\n#section_580696480 .ux-shape-divider--bottom svg {\n  height: 150px;\n  --divider-width: 100%;\n}\n<\/style>\n\t<\/section>\n\t\n\t<section class=\"section\" id=\"section_679179343\">\n\t\t<div class=\"bg section-bg fill bg-fill  bg-loaded\" >\n\n\t\t\t\n\t\t\t\n\t\t\t\n\n\t\t<\/div>\n\n\t\t\n\n\t\t<div class=\"section-content relative\">\n\t\t\t\n<div class=\"row row-large align-middle\"  id=\"row-1144354053\">\n\n\t<div id=\"col-148255553\" class=\"col medium-8 small-12 large-8\"  >\n\t\t\t\t<div class=\"col-inner\"  >\n\t\t\t\n\t\t\t\n<h3 class=\"con-ques\" style=\"text-align: center;\"><span style=\"color: #000; font-size: 110%;\">You have questions or would like an estimate ?<\/span><\/h3>\n\t\t<\/div>\n\t\t\t\t\n<style>\n#col-148255553 > .col-inner {\n  padding: 50px 0px 0px 0px;\n}\n<\/style>\n\t<\/div>\n\n\t\n\n\t<div id=\"col-1706810818\" class=\"col contact-but medium-4 small-12 large-4\"  >\n\t\t\t\t<div class=\"col-inner\"  >\n\t\t\t\n\t\t\t\n<a href=\"\/contact\/\" target=\"_self\" class=\"button primary contact-but\"  >\n    <span>Contact us<\/span>\n  <\/a>\n\n<div class=\"social-icons follow-icons\" ><a href=\"https:\/\/www.facebook.com\/AquasculptureNanasi\" target=\"_blank\" data-label=\"Facebook\" rel=\"noopener noreferrer nofollow\" class=\"icon primary button circle facebook tooltip\" title=\"Nous suivre sur Facebook\" aria-label=\"Nous suivre sur Facebook\"><i class=\"icon-facebook\" ><\/i><\/a><a href=\"@aquasculpturebynanasi\" target=\"_blank\" rel=\"noopener noreferrer nofollow\" data-label=\"Instagram\" class=\"icon primary button circle  instagram tooltip\" title=\"Nous suivre sur Instagram\" aria-label=\"Nous suivre sur Instagram\"><i class=\"icon-instagram\" ><\/i><\/a><a href=\"mailto:info@aquasculpture.com\" data-label=\"E-mail\" rel=\"nofollow\" class=\"icon primary button circle  email tooltip\" title=\"Nous envoyer un email\" aria-label=\"Nous envoyer un email\"><i class=\"icon-envelop\" ><\/i><\/a><a href=\"tel:514-344-FISH\" target=\"_blank\" data-label=\"Phone\" rel=\"noopener noreferrer nofollow\" class=\"icon primary button circle  phone tooltip\" title=\"Call us\" aria-label=\"Call us\"><i class=\"icon-phone\" ><\/i><\/a><\/div>\n\t\t<\/div>\n\t\t\t\t\t<\/div>\n\n\t\n\n<style>\n#row-1144354053 > .col > .col-inner {\n  padding: 50px 0px 0px 0px;\n}\n<\/style>\n<\/div>\n\t\t<\/div>\n\n\t\t\n<style>\n#section_679179343 {\n  padding-top: 0px;\n  padding-bottom: 0px;\n}\n#section_679179343 .ux-shape-divider--top svg {\n  height: 150px;\n  --divider-top-width: 100%;\n}\n#section_679179343 .ux-shape-divider--bottom svg {\n  height: 150px;\n  --divider-width: 100%;\n}\n<\/style>\n\t<\/section>\n\t\n","protected":false},"excerpt":{"rendered":"","protected":false},"author":1,"featured_media":0,"parent":0,"menu_order":0,"comment_status":"closed","ping_status":"closed","template":"","meta":[],"_links":{"self":[{"href":"https:\/\/aquasculpture.com\/fr\/wp-json\/wp\/v2\/pages\/7"}],"collection":[{"href":"https:\/\/aquasculpture.com\/fr\/wp-json\/wp\/v2\/pages"}],"about":[{"href":"https:\/\/aquasculpture.com\/fr\/wp-json\/wp\/v2\/types\/page"}],"author":[{"embeddable":true,"href":"https:\/\/aquasculpture.com\/fr\/wp-json\/wp\/v2\/users\/1"}],"replies":[{"embeddable":true,"href":"https:\/\/aquasculpture.com\/fr\/wp-json\/wp\/v2\/comments?post=7"}],"version-history":[{"count":30,"href":"https:\/\/aquasculpture.com\/fr\/wp-json\/wp\/v2\/pages\/7\/revisions"}],"predecessor-version":[{"id":18085,"href":"https:\/\/aquasculpture.com\/fr\/wp-json\/wp\/v2\/pages\/7\/revisions\/18085"}],"wp:attachment":[{"href":"https:\/\/aquasculpture.com\/fr\/wp-json\/wp\/v2\/media?parent=7"}],"curies":[{"name":"wp","href":"https:\/\/api.w.org\/{rel}","templated":true}]}}