{"id":17117,"date":"2020-07-27T17:42:12","date_gmt":"2020-07-27T17:42:12","guid":{"rendered":"https:\/\/aquasculpture.com\/product\/aquascape\/"},"modified":"2020-07-27T17:53:33","modified_gmt":"2020-07-27T17:53:33","slug":"aquascape","status":"publish","type":"product","link":"https:\/\/aquasculpture.com\/fr\/product\/aquascape\/","title":{"rendered":"Aquascape"},"content":{"rendered":"<p>Con\u00e7u pour fournir un bassin de fontaine sans probl\u00e8me et facile \u00e0 installer pour une grande vari\u00e9t\u00e9 d&rsquo;installations d\u00e9coratives de fontaines, y compris les fontaines en pierre naturelle, en laiton et en r\u00e9sine.Sa conception innovante offre aux propri\u00e9taires et aux installateurs de fontaines des caract\u00e9ristiques et des avantages qui \u00e9liminent les conjectures , am\u00e9liorent la circulation de l&rsquo;eau, augmentent l&rsquo;accessibilit\u00e9 et garantissent une vie de plaisir. Con\u00e7u pour fournir un bassin de fontaine sans probl\u00e8me et facile \u00e0 installer pour une grande vari\u00e9t\u00e9 d&rsquo;installations d\u00e9coratives de fontaines, y compris les fontaines en pierre naturelle, en laiton et en r\u00e9sine.Sa conception innovante offre aux propri\u00e9taires et aux installateurs de fontaines des caract\u00e9ristiques et des avantages qui \u00e9liminent les conjectures , am\u00e9liore la circulation de l&rsquo;eau, augmente l&rsquo;accessibilit\u00e9 et assure une vie de plaisir<\/p>\n","protected":false},"excerpt":{"rendered":"<p>Con\u00e7u pour fournir un bassin de fontaine sans probl\u00e8me et facile \u00e0 installer pour une grande vari\u00e9t\u00e9 d&rsquo;installations d\u00e9coratives de fontaines, y compris les fontaines en pierre naturelle, en laiton et en r\u00e9sine.Sa conception innovante offre aux propri\u00e9taires et aux installateurs de fontaines des caract\u00e9ristiques et des avantages qui \u00e9liminent les conjectures , am\u00e9liorent la [&#8230;]\n","protected":false},"featured_media":17116,"template":"","meta":[],"product_cat":[199],"product_tag":[],"_links":{"self":[{"href":"https:\/\/aquasculpture.com\/fr\/wp-json\/wp\/v2\/product\/17117"}],"collection":[{"href":"https:\/\/aquasculpture.com\/fr\/wp-json\/wp\/v2\/product"}],"about":[{"href":"https:\/\/aquasculpture.com\/fr\/wp-json\/wp\/v2\/types\/product"}],"wp:featuredmedia":[{"embeddable":true,"href":"https:\/\/aquasculpture.com\/fr\/wp-json\/wp\/v2\/media\/17116"}],"wp:attachment":[{"href":"https:\/\/aquasculpture.com\/fr\/wp-json\/wp\/v2\/media?parent=17117"}],"wp:term":[{"taxonomy":"product_cat","embeddable":true,"href":"https:\/\/aquasculpture.com\/fr\/wp-json\/wp\/v2\/product_cat?post=17117"},{"taxonomy":"product_tag","embeddable":true,"href":"https:\/\/aquasculpture.com\/fr\/wp-json\/wp\/v2\/product_tag?post=17117"}],"curies":[{"name":"wp","href":"https:\/\/api.w.org\/{rel}","templated":true}]}}